{"id":4214,"date":"2020-02-13T22:13:49","date_gmt":"2020-02-13T22:13:49","guid":{"rendered":"https:\/\/exclusivecollection.travelexcellence.com\/?page_id=4214"},"modified":"2020-06-23T18:03:57","modified_gmt":"2020-06-23T18:03:57","slug":"home","status":"publish","type":"page","link":"https:\/\/exclusivecollection.travelexcellence.com\/?page_id=4214&lang=es","title":{"rendered":"Home"},"content":{"rendered":"<div class=\"one withsmallpadding \" >\n<div class=\"page_content_wrapper\">\n<div style=\"text-align:center\">\n<h2 class=\"ppb_title\">Cat\u00e1logo de Villas y Casas de Lujo<\/h2>\n<div class=\"page_caption_desc\"><\/div>\n<\/div>\n<div class=\"one_half \">\nCosta Rica posee incre\u00edbles tesoros ocultos esperando ser descubiertos, especialmente en las regiones costeras. Las villas y casas de lujo son una buena opci\u00f3n ya que ofrecen privacidad, amplias zonas para relajarse y descansar, un ambiente tranquilo, flexibilidad, as\u00ed como servicios exclusivos. Asimismo, estas opciones son perfectas para familias y grupos de amigos<br \/>\n<strong>Importante:<\/strong> las villas y casas est\u00e1n sujetas a disponibilidad; asimismo, podr\u00edan aplicar cierres de fechas y m\u00ednimos de noches.\n<\/div>\n<div class=\"one_half last \">\nque prefieren su propio espacio, pero la misma comodidad de un hotel.  Queremos compartir con ustedes algunas de las mejores propiedades, ubicadas en destinos de playa asombrosos, que ofrecen comodidades y servicios de lujo para consentirlo durante sus pr\u00f3ximas vacaciones.\n<\/div>\n<\/div>\n<\/div>\n<div class=\"ppb_tour one withpadding nopadding \" style=\"border-top:1px solid #e1e1e1;display: none;\" >\n<div class=\"page_content_wrapper full_width\" style=\"text-align:center\">\n<div class=\"portfolio_filter_wrapper three_cols fullwidth shortcode gallery section content clearfix\">\n<div class=\"element portfolio3filter_wrapper\">\n<div class=\"one_third gallery3 filterable gallery_type animated1\"><a href=\"https:\/\/exclusivecollection.travelexcellence.com\/?tours=casa-teresa&#038;lang=es\"><img decoding=\"async\" src=\"https:\/\/exclusivecollection.travelexcellence.com\/wp-content\/uploads\/2020\/02\/TeresaHome_11-560x460.jpg\" alt=\"\" \/><\/p>\n<div class=\"thumb_content fullwidth \">\n<div class=\"thumb_title\">\n<div class=\"tour_country\">\n\t            \t\tPen\u00ednsula de Nicoya\n\t            \t<\/div>\n<h3>Casa Teresa<\/h3>\n<\/p><\/div>\n<div class=\"thumb_meta\"><\/div>\n<\/div>\n<p><\/a><\/div>\n<\/div>\n<div class=\"element portfolio3filter_wrapper\">\n<div class=\"one_third gallery3 filterable gallery_type animated2\"><a href=\"https:\/\/exclusivecollection.travelexcellence.com\/?tours=casa-de-los-suenos&#038;lang=es\"><img decoding=\"async\" src=\"https:\/\/exclusivecollection.travelexcellence.com\/wp-content\/uploads\/2020\/02\/CasadelosSuen\u0303osVilla_03-560x460.jpg\" alt=\"\" \/><\/p>\n<div class=\"thumb_content fullwidth \">\n<div class=\"thumb_title\">\n<div class=\"tour_country\">\n\t            \t\tPen\u00ednsula de Nicoya\n\t            \t<\/div>\n<h3>Casa de los Sue\u00f1os<\/h3>\n<\/p><\/div>\n<div class=\"thumb_meta\"><\/div>\n<\/div>\n<p><\/a><\/div>\n<\/div>\n<div class=\"element portfolio3filter_wrapper\">\n<div class=\"one_third gallery3 filterable gallery_type animated3\"><a href=\"https:\/\/exclusivecollection.travelexcellence.com\/?tours=villa-de-lujo-batik-blue&#038;lang=es\"><img decoding=\"async\" src=\"https:\/\/exclusivecollection.travelexcellence.com\/wp-content\/uploads\/2020\/02\/BatikBlueVilla_07-560x460.jpg\" alt=\"\" \/><\/p>\n<div class=\"thumb_content fullwidth \">\n<div class=\"thumb_title\">\n<div class=\"tour_country\">\n\t            \t\tPen\u00ednsula de Nicoya\n\t            \t<\/div>\n<h3>Villa de Lujo Batik Blue<\/h3>\n<\/p><\/div>\n<div class=\"thumb_meta\"><\/div>\n<\/div>\n<p><\/a><\/div>\n<\/div>\n<div class=\"element portfolio3filter_wrapper\">\n<div class=\"one_third gallery3 filterable gallery_type animated4\"><a href=\"https:\/\/exclusivecollection.travelexcellence.com\/?tours=villa-frente-a-la-playa&#038;lang=es\"><img decoding=\"async\" src=\"https:\/\/exclusivecollection.travelexcellence.com\/wp-content\/uploads\/2020\/02\/arbol-7-560x460.jpg\" alt=\"\" \/><\/p>\n<div class=\"thumb_content fullwidth \">\n<div class=\"thumb_title\">\n<div class=\"tour_country\">\n\t            \t\tFlamingo\n\t            \t<\/div>\n<h3>Villa frente a la playa Hacienda del \u00c1rbol<\/h3>\n<\/p><\/div>\n<div class=\"thumb_meta\"><\/div>\n<\/div>\n<p><\/a><\/div>\n<\/div>\n<div class=\"element portfolio3filter_wrapper\">\n<div class=\"one_third gallery3 filterable gallery_type animated5\"><a href=\"https:\/\/exclusivecollection.travelexcellence.com\/?tours=casa-lujo-infinity&#038;lang=es\"><img decoding=\"async\" src=\"https:\/\/exclusivecollection.travelexcellence.com\/wp-content\/uploads\/2020\/02\/infinity-luxury-home-2-560x460.jpg\" alt=\"\" \/><\/p>\n<div class=\"thumb_content fullwidth \">\n<div class=\"thumb_title\">\n<div class=\"tour_country\">\n\t            \t\tFlamingo\n\t            \t<\/div>\n<h3>Casa de Lujo Infinity<\/h3>\n<\/p><\/div>\n<div class=\"thumb_meta\"><\/div>\n<\/div>\n<p><\/a><\/div>\n<\/div>\n<div class=\"element portfolio3filter_wrapper\">\n<div class=\"one_third gallery3 filterable gallery_type animated6\"><a href=\"https:\/\/exclusivecollection.travelexcellence.com\/?tours=mansion-hacienda-paraiso&#038;lang=es\"><img decoding=\"async\" src=\"https:\/\/exclusivecollection.travelexcellence.com\/wp-content\/uploads\/2020\/02\/haciendo-paraiso-560x460.jpg\" alt=\"\" \/><\/p>\n<div class=\"thumb_content fullwidth \">\n<div class=\"thumb_title\">\n<div class=\"tour_country\">\n\t            \t\tFlamingo\n\t            \t<\/div>\n<h3>Mansi\u00f3n Hacienda Para\u00edso<\/h3>\n<\/p><\/div>\n<div class=\"thumb_meta\"><\/div>\n<\/div>\n<p><\/a><\/div>\n<\/div>\n<div class=\"element portfolio3filter_wrapper\">\n<div class=\"one_third gallery3 filterable gallery_type animated7\"><a href=\"https:\/\/exclusivecollection.travelexcellence.com\/?tours=casa-maison-marazul&#038;lang=es\"><img decoding=\"async\" src=\"https:\/\/exclusivecollection.travelexcellence.com\/wp-content\/uploads\/2020\/02\/MaisonMarazulHome_04-560x460.jpg\" alt=\"\" \/><\/p>\n<div class=\"thumb_content fullwidth \">\n<div class=\"thumb_title\">\n<div class=\"tour_country\">\n\t            \t\tPen\u00ednsula de Nicoya\n\t            \t<\/div>\n<h3>Casa Maison Marazul<\/h3>\n<\/p><\/div>\n<div class=\"thumb_meta\"><\/div>\n<\/div>\n<p><\/a><\/div>\n<\/div>\n<div class=\"element portfolio3filter_wrapper\">\n<div class=\"one_third gallery3 filterable gallery_type animated8\"><a href=\"https:\/\/exclusivecollection.travelexcellence.com\/?tours=villa-capuchin-monkey&#038;lang=es\"><img decoding=\"async\" src=\"https:\/\/exclusivecollection.travelexcellence.com\/wp-content\/uploads\/2020\/02\/VillaCapuchinMonkey_08-560x460.jpg\" alt=\"\" \/><\/p>\n<div class=\"thumb_content fullwidth \">\n<div class=\"thumb_title\">\n<div class=\"tour_country\">\n\t            \t\tManuel Antonio\n\t            \t<\/div>\n<h3>Villa Capuchin Monkey<\/h3>\n<\/p><\/div>\n<div class=\"thumb_meta\"><\/div>\n<\/div>\n<p><\/a><\/div>\n<\/div>\n<div class=\"element portfolio3filter_wrapper\">\n<div class=\"one_third gallery3 filterable gallery_type animated9\"><a href=\"https:\/\/exclusivecollection.travelexcellence.com\/?tours=villa-puerto-escondido&#038;lang=es\"><img decoding=\"async\" src=\"https:\/\/exclusivecollection.travelexcellence.com\/wp-content\/uploads\/2020\/02\/VillaPuertoEscondido_02-560x460.jpg\" alt=\"\" \/><\/p>\n<div class=\"thumb_content fullwidth \">\n<div class=\"thumb_title\">\n<div class=\"tour_country\">\n\t            \t\tManuel Antonio\n\t            \t<\/div>\n<h3>Villa Puerto Escondido<\/h3>\n<\/p><\/div>\n<div class=\"thumb_meta\"><\/div>\n<\/div>\n<p><\/a><\/div>\n<\/div>\n<div class=\"element portfolio3filter_wrapper\">\n<div class=\"one_third gallery3 filterable gallery_type animated10\"><a href=\"https:\/\/exclusivecollection.travelexcellence.com\/?tours=casa-dos-vistas&#038;lang=es\"><img decoding=\"async\" src=\"https:\/\/exclusivecollection.travelexcellence.com\/wp-content\/uploads\/2020\/02\/DosVistasHome_08-560x460.jpg\" alt=\"\" \/><\/p>\n<div class=\"thumb_content fullwidth \">\n<div class=\"thumb_title\">\n<div class=\"tour_country\">\n\t            \t\tManuel Antonio\n\t            \t<\/div>\n<h3>Casa Dos Vistas<\/h3>\n<\/p><\/div>\n<div class=\"thumb_meta\"><\/div>\n<\/div>\n<p><\/a><\/div>\n<\/div>\n<div class=\"element portfolio3filter_wrapper\">\n<div class=\"one_third gallery3 filterable gallery_type animated11\"><a href=\"https:\/\/exclusivecollection.travelexcellence.com\/?tours=casa-querencia&#038;lang=es\"><img decoding=\"async\" src=\"https:\/\/exclusivecollection.travelexcellence.com\/wp-content\/uploads\/2020\/02\/QuerenciaHome_08-560x460.jpg\" alt=\"\" \/><\/p>\n<div class=\"thumb_content fullwidth \">\n<div class=\"thumb_title\">\n<div class=\"tour_country\">\n\t            \t\tManuel Antonio\n\t            \t<\/div>\n<h3>Casa Querencia<\/h3>\n<\/p><\/div>\n<div class=\"thumb_meta\"><\/div>\n<\/div>\n<p><\/a><\/div>\n<\/div>\n<div class=\"element portfolio3filter_wrapper\">\n<div class=\"one_third gallery3 filterable gallery_type animated12\"><a href=\"https:\/\/exclusivecollection.travelexcellence.com\/?tours=villa-perezoso&#038;lang=es\"><img decoding=\"async\" src=\"https:\/\/exclusivecollection.travelexcellence.com\/wp-content\/uploads\/2020\/02\/perezoso-4-560x460.jpg\" alt=\"\" \/><\/p>\n<div class=\"thumb_content fullwidth \">\n<div class=\"thumb_title\">\n<div class=\"tour_country\">\n\t            \t\tManuel Antonio\n\t            \t<\/div>\n<h3>Villa Perezoso<\/h3>\n<\/p><\/div>\n<div class=\"thumb_meta\"><\/div>\n<\/div>\n<p><\/a><\/div>\n<\/div>\n<div class=\"element portfolio3filter_wrapper\">\n<div class=\"one_third gallery3 filterable gallery_type animated13\"><a href=\"https:\/\/exclusivecollection.travelexcellence.com\/?tours=villa-paraiso&#038;lang=es\"><img decoding=\"async\" src=\"https:\/\/exclusivecollection.travelexcellence.com\/wp-content\/uploads\/2020\/02\/villa-paraiso-8-560x460.jpg\" alt=\"\" \/><\/p>\n<div class=\"thumb_content fullwidth \">\n<div class=\"thumb_title\">\n<div class=\"tour_country\">\n\t            \t\tManuel Antonio\n\t            \t<\/div>\n<h3>Villa Para\u00edso<\/h3>\n<\/p><\/div>\n<div class=\"thumb_meta\"><\/div>\n<\/div>\n<p><\/a><\/div>\n<\/div>\n<div class=\"element portfolio3filter_wrapper\">\n<div class=\"one_third gallery3 filterable gallery_type animated14\"><a href=\"https:\/\/exclusivecollection.travelexcellence.com\/?tours=casa-milya&#038;lang=es\"><img decoding=\"async\" src=\"https:\/\/exclusivecollection.travelexcellence.com\/wp-content\/uploads\/2020\/02\/MilyaHome_09-560x460.jpg\" alt=\"\" \/><\/p>\n<div class=\"thumb_content fullwidth \">\n<div class=\"thumb_title\">\n<div class=\"tour_country\">\n\t            \t\tPen\u00ednsula de Nicoya\n\t            \t<\/div>\n<h3>Casa Milya<\/h3>\n<\/p><\/div>\n<div class=\"thumb_meta\"><\/div>\n<\/div>\n<p><\/a><\/div>\n<\/div>\n<div class=\"element portfolio3filter_wrapper\">\n<div class=\"one_third gallery3 filterable gallery_type animated15\"><a href=\"https:\/\/exclusivecollection.travelexcellence.com\/?tours=casa-sare&#038;lang=es\"><img decoding=\"async\" src=\"https:\/\/exclusivecollection.travelexcellence.com\/wp-content\/uploads\/2020\/02\/SareHome_03-560x460.jpg\" alt=\"\" \/><\/p>\n<div class=\"thumb_content fullwidth \">\n<div class=\"thumb_title\">\n<div class=\"tour_country\">\n\t            \t\tPen\u00ednsula de Nicoya\n\t            \t<\/div>\n<h3>Casa Sare<\/h3>\n<\/p><\/div>\n<div class=\"thumb_meta\"><\/div>\n<\/div>\n<p><\/a><\/div>\n<\/div>\n<div class=\"element portfolio3filter_wrapper\">\n<div class=\"one_third gallery3 filterable gallery_type animated16\"><a href=\"https:\/\/exclusivecollection.travelexcellence.com\/?tours=casa-de-los-congos&#038;lang=es\"><img decoding=\"async\" src=\"https:\/\/exclusivecollection.travelexcellence.com\/wp-content\/uploads\/2020\/02\/congos-12-560x460.jpg\" alt=\"\" \/><\/p>\n<div class=\"thumb_content fullwidth \">\n<div class=\"thumb_title\">\n<div class=\"tour_country\">\n\t            \t\tFlamingo\n\t            \t<\/div>\n<h3>Casa de los Congos<\/h3>\n<\/p><\/div>\n<div class=\"thumb_meta\"><\/div>\n<\/div>\n<p><\/a><\/div>\n<\/div>\n<div class=\"element portfolio3filter_wrapper\">\n<div class=\"one_third gallery3 filterable gallery_type animated17\"><a href=\"https:\/\/exclusivecollection.travelexcellence.com\/?tours=villa-la-sata&#038;lang=es\"><img decoding=\"async\" src=\"https:\/\/exclusivecollection.travelexcellence.com\/wp-content\/uploads\/2020\/02\/sata-5-560x460.jpg\" alt=\"\" \/><\/p>\n<div class=\"thumb_content fullwidth \">\n<div class=\"thumb_title\">\n<div class=\"tour_country\">\n\t            \t\tFlamingo\n\t            \t<\/div>\n<h3>Villa La Sata<\/h3>\n<\/p><\/div>\n<div class=\"thumb_meta\"><\/div>\n<\/div>\n<p><\/a><\/div>\n<\/div>\n<div class=\"element portfolio3filter_wrapper\">\n<div class=\"one_third gallery3 filterable gallery_type animated18\"><a href=\"https:\/\/exclusivecollection.travelexcellence.com\/?tours=casa-de-lujo-cielo&#038;lang=es\"><img decoding=\"async\" src=\"https:\/\/exclusivecollection.travelexcellence.com\/wp-content\/uploads\/2020\/01\/Cielo17-560x460.jpg\" alt=\"\" \/><\/p>\n<div class=\"thumb_content fullwidth \">\n<div class=\"thumb_title\">\n<div class=\"tour_country\">\n\t            \t\tNosara\n\t            \t<\/div>\n<h3>Casa de Lujo Cielo<\/h3>\n<\/p><\/div>\n<div class=\"thumb_meta\"><\/div>\n<\/div>\n<p><\/a><\/div>\n<\/div>\n<div class=\"element portfolio3filter_wrapper\">\n<div class=\"one_third gallery3 filterable gallery_type animated19\"><a href=\"https:\/\/exclusivecollection.travelexcellence.com\/?tours=villa-de-lujo-seacliff-point&#038;lang=es\"><img decoding=\"async\" src=\"https:\/\/exclusivecollection.travelexcellence.com\/wp-content\/uploads\/2020\/02\/seacliff-1-1-560x460.jpg\" alt=\"\" \/><\/p>\n<div class=\"thumb_content fullwidth \">\n<div class=\"thumb_title\">\n<div class=\"tour_country\">\n\t            \t\tPapagayo\n\t            \t<\/div>\n<h3>Villa de Lujo Seacliff Point<\/h3>\n<\/p><\/div>\n<div class=\"thumb_meta\"><\/div>\n<\/div>\n<p><\/a><\/div>\n<\/div>\n<div class=\"element portfolio3filter_wrapper\">\n<div class=\"one_third gallery3 filterable gallery_type animated20\"><a href=\"https:\/\/exclusivecollection.travelexcellence.com\/?tours=casa-pericos&#038;lang=es\"><img decoding=\"async\" src=\"https:\/\/exclusivecollection.travelexcellence.com\/wp-content\/uploads\/2020\/02\/CasaPericos_01-560x460.jpg\" alt=\"\" \/><\/p>\n<div class=\"thumb_content fullwidth \">\n<div class=\"thumb_title\">\n<div class=\"tour_country\">\n\t            \t\tPapagayo\n\t            \t<\/div>\n<h3>Casa Pericos<\/h3>\n<\/p><\/div>\n<div class=\"thumb_meta\"><\/div>\n<\/div>\n<p><\/a><\/div>\n<\/div>\n<div class=\"element portfolio3filter_wrapper\">\n<div class=\"one_third gallery3 filterable gallery_type animated21\"><a href=\"https:\/\/exclusivecollection.travelexcellence.com\/?tours=casa-pericos-2&#038;lang=es\"><img decoding=\"async\" src=\"https:\/\/exclusivecollection.travelexcellence.com\/wp-content\/uploads\/2020\/02\/palmares-1-560x460.jpg\" alt=\"\" \/><\/p>\n<div class=\"thumb_content fullwidth \">\n<div class=\"thumb_title\">\n<div class=\"tour_country\">\n\t            \t\tPapagayo\n\t            \t<\/div>\n<h3>Villa Palmares<\/h3>\n<\/p><\/div>\n<div class=\"thumb_meta\"><\/div>\n<\/div>\n<p><\/a><\/div>\n<\/div>\n<div class=\"element portfolio3filter_wrapper\">\n<div class=\"one_third gallery3 filterable gallery_type animated22\"><a href=\"https:\/\/exclusivecollection.travelexcellence.com\/?tours=casa-tres-volcanes&#038;lang=es\"><img decoding=\"async\" src=\"https:\/\/exclusivecollection.travelexcellence.com\/wp-content\/uploads\/2020\/02\/tresvolcanes-12-560x460.jpg\" alt=\"\" \/><\/p>\n<div class=\"thumb_content fullwidth \">\n<div class=\"thumb_title\">\n<div class=\"tour_country\">\n\t            \t\tPapagayo\n\t            \t<\/div>\n<h3>Casa Tres Volcanes<\/h3>\n<\/p><\/div>\n<div class=\"thumb_meta\"><\/div>\n<\/div>\n<p><\/a><\/div>\n<\/div>\n<div class=\"element portfolio3filter_wrapper\">\n<div class=\"one_third gallery3 filterable gallery_type animated23\"><a href=\"https:\/\/exclusivecollection.travelexcellence.com\/?tours=mansion-hacienda-amarilla&#038;lang=es\"><img decoding=\"async\" src=\"https:\/\/exclusivecollection.travelexcellence.com\/wp-content\/uploads\/2020\/02\/hacienda-amarilla-560x460.jpg\" alt=\"\" \/><\/p>\n<div class=\"thumb_content fullwidth \">\n<div class=\"thumb_title\">\n<div class=\"tour_country\">\n\t            \t\tFlamingo\n\t            \t<\/div>\n<h3>Mansi\u00f3n de Lujo Frente al Mar Hacienda Amarilla<\/h3>\n<\/p><\/div>\n<div class=\"thumb_meta\"><\/div>\n<\/div>\n<p><\/a><\/div>\n<\/div>\n<div class=\"element portfolio3filter_wrapper\">\n<div class=\"one_third gallery3 filterable gallery_type animated24\"><a href=\"https:\/\/exclusivecollection.travelexcellence.com\/?tours=villa-manzu&#038;lang=es\"><img decoding=\"async\" src=\"https:\/\/exclusivecollection.travelexcellence.com\/wp-content\/uploads\/2020\/02\/manzu-2-560x460.jpg\" alt=\"\" \/><\/p>\n<div class=\"thumb_content fullwidth \">\n<div class=\"thumb_title\">\n<div class=\"tour_country\">\n\t            \t\tPapagayo\n\t            \t<\/div>\n<h3>Villa Manzu<\/h3>\n<\/p><\/div>\n<div class=\"thumb_meta\"><\/div>\n<\/div>\n<p><\/a><\/div>\n<\/div>\n<div class=\"element portfolio3filter_wrapper\">\n<div class=\"one_third gallery3 filterable gallery_type animated25\"><a href=\"https:\/\/exclusivecollection.travelexcellence.com\/?tours=casa-de-lujo-nautilo&#038;lang=es\"><img decoding=\"async\" src=\"https:\/\/exclusivecollection.travelexcellence.com\/wp-content\/uploads\/2020\/01\/CasaNautilo-04-1-560x460.jpg\" alt=\"\" \/><\/p>\n<div class=\"thumb_content fullwidth \">\n<div class=\"thumb_title\">\n<div class=\"tour_country\">\n\t            \t\tNosara\n\t            \t<\/div>\n<h3>Casa de Lujo Nautilo<\/h3>\n<\/p><\/div>\n<div class=\"thumb_meta\"><\/div>\n<\/div>\n<p><\/a><\/div>\n<\/div>\n<div class=\"element portfolio3filter_wrapper\">\n<div class=\"one_third gallery3 filterable gallery_type animated26\"><a href=\"https:\/\/exclusivecollection.travelexcellence.com\/?tours=casa-de-lujo-oceana&#038;lang=es\"><img decoding=\"async\" src=\"https:\/\/exclusivecollection.travelexcellence.com\/wp-content\/uploads\/2020\/01\/CasaOceana_07-1-560x460.jpg\" alt=\"\" \/><\/p>\n<div class=\"thumb_content fullwidth \">\n<div class=\"thumb_title\">\n<div class=\"tour_country\">\n\t            \t\tTamarindo\n\t            \t<\/div>\n<h3>Casa de Lujo Oceana<\/h3>\n<\/p><\/div>\n<div class=\"thumb_meta\"><\/div>\n<\/div>\n<p><\/a><\/div>\n<\/div>\n<div class=\"element portfolio3filter_wrapper\">\n<div class=\"one_third gallery3 filterable gallery_type animated27\"><a href=\"https:\/\/exclusivecollection.travelexcellence.com\/?tours=casa-alang-alang&#038;lang=es\"><img decoding=\"async\" src=\"https:\/\/exclusivecollection.travelexcellence.com\/wp-content\/uploads\/2014\/10\/casa-alang-2-560x460.jpg\" alt=\"\" \/><\/p>\n<div class=\"thumb_content fullwidth \">\n<div class=\"thumb_title\">\n<div class=\"tour_country\">\n\t            \t\tTamarindo\n\t            \t<\/div>\n<h3>Casa Alang Alang<\/h3>\n<\/p><\/div>\n<div class=\"thumb_meta\"><\/div>\n<\/div>\n<p><\/a><\/div>\n<\/div>\n<div class=\"element portfolio3filter_wrapper\">\n<div class=\"one_third gallery3 filterable gallery_type animated28\"><a href=\"https:\/\/exclusivecollection.travelexcellence.com\/?tours=villa-frente-a-la-playa-morabeza&#038;lang=es\"><img decoding=\"async\" src=\"https:\/\/exclusivecollection.travelexcellence.com\/wp-content\/uploads\/2014\/10\/morabeza-2-560x460.jpg\" alt=\"\" \/><\/p>\n<div class=\"thumb_content fullwidth \">\n<div class=\"thumb_title\">\n<div class=\"tour_country\">\n\t            \t\tTamarindo\n\t            \t<\/div>\n<h3>Villa frente a la playa Morabeza<\/h3>\n<\/p><\/div>\n<div class=\"thumb_meta\"><\/div>\n<\/div>\n<p><\/a><\/div>\n<\/div>\n<div class=\"element portfolio3filter_wrapper\">\n<div class=\"one_third gallery3 filterable gallery_type animated29\"><a href=\"https:\/\/exclusivecollection.travelexcellence.com\/?tours=casa-sunset&#038;lang=es\"><img decoding=\"async\" src=\"https:\/\/exclusivecollection.travelexcellence.com\/wp-content\/uploads\/2014\/10\/sunset-2-560x460.jpg\" alt=\"\" \/><\/p>\n<div class=\"thumb_content fullwidth \">\n<div class=\"thumb_title\">\n<div class=\"tour_country\">\n\t            \t\tTamarindo\n\t            \t<\/div>\n<h3>Casa Sunset<\/h3>\n<\/p><\/div>\n<div class=\"thumb_meta\"><\/div>\n<\/div>\n<p><\/a><\/div>\n<\/div>\n<div class=\"element portfolio3filter_wrapper\">\n<div class=\"one_third gallery3 filterable gallery_type animated30\"><a href=\"https:\/\/exclusivecollection.travelexcellence.com\/?tours=villa-metisse&#038;lang=es\"><img decoding=\"async\" src=\"https:\/\/exclusivecollection.travelexcellence.com\/wp-content\/uploads\/2014\/10\/metisse-1-560x460.jpg\" alt=\"\" \/><\/p>\n<div class=\"thumb_content fullwidth \">\n<div class=\"thumb_title\">\n<div class=\"tour_country\">\n\t            \t\tTamarindo\n\t            \t<\/div>\n<h3>Villa Metisse<\/h3>\n<\/p><\/div>\n<div class=\"thumb_meta\"><\/div>\n<\/div>\n<p><\/a><\/div>\n<\/div>\n<\/div>\n<\/div>\n<\/div>\n<div class=\"divider one\">&nbsp;<\/div>\n<div class=\"divider one\">&nbsp;<\/div>\n","protected":false},"excerpt":{"rendered":"<p>Cat\u00e1logo de Villas y Casas de Lujo Costa Rica posee incre\u00edbles tesoros ocultos esperando ser descubiertos, especialmente en las regiones costeras. Las villas y casas de lujo son una buena opci\u00f3n ya que ofrecen privacidad, amplias zonas para relajarse y descansar, un ambiente tranquilo, flexibilidad, as\u00ed [&hellip;]<\/p>\n","protected":false},"author":1,"featured_media":0,"parent":0,"menu_order":0,"comment_status":"open","ping_status":"open","template":"page_f.php","meta":{"footnotes":""},"class_list":["post-4214","page","type-page","status-publish","hentry"],"_links":{"self":[{"href":"https:\/\/exclusivecollection.travelexcellence.com\/index.php?rest_route=\/wp\/v2\/pages\/4214","targetHints":{"allow":["GET"]}}],"collection":[{"href":"https:\/\/exclusivecollection.travelexcellence.com\/index.php?rest_route=\/wp\/v2\/pages"}],"about":[{"href":"https:\/\/exclusivecollection.travelexcellence.com\/index.php?rest_route=\/wp\/v2\/types\/page"}],"author":[{"embeddable":true,"href":"https:\/\/exclusivecollection.travelexcellence.com\/index.php?rest_route=\/wp\/v2\/users\/1"}],"replies":[{"embeddable":true,"href":"https:\/\/exclusivecollection.travelexcellence.com\/index.php?rest_route=%2Fwp%2Fv2%2Fcomments&post=4214"}],"version-history":[{"count":27,"href":"https:\/\/exclusivecollection.travelexcellence.com\/index.php?rest_route=\/wp\/v2\/pages\/4214\/revisions"}],"predecessor-version":[{"id":4721,"href":"https:\/\/exclusivecollection.travelexcellence.com\/index.php?rest_route=\/wp\/v2\/pages\/4214\/revisions\/4721"}],"wp:attachment":[{"href":"https:\/\/exclusivecollection.travelexcellence.com\/index.php?rest_route=%2Fwp%2Fv2%2Fmedia&parent=4214"}],"curies":[{"name":"wp","href":"https:\/\/api.w.org\/{rel}","templated":true}]}}